{"id":99,"date":"2021-01-05T16:50:24","date_gmt":"2021-01-05T15:50:24","guid":{"rendered":"http:\/\/lafrera.bellopulito.net\/?page_id=99"},"modified":"2024-12-08T10:57:49","modified_gmt":"2024-12-08T09:57:49","slug":"chi-siamo","status":"publish","type":"page","link":"https:\/\/www.lafrera.it\/?page_id=99","title":{"rendered":"Chi siamo"},"content":{"rendered":"\n<figure class=\"wp-block-image size-large is-style-twentytwentyone-border\"><a href=\"https:\/\/www.lafrera.it\/wp-content\/uploads\/2024\/12\/Frera-scalata.png\"><img loading=\"lazy\" decoding=\"async\" width=\"1000\" height=\"750\" src=\"https:\/\/www.lafrera.it\/wp-content\/uploads\/2024\/12\/Frera-scalata.png\" alt=\"\" class=\"wp-image-514\" srcset=\"https:\/\/www.lafrera.it\/wp-content\/uploads\/2024\/12\/Frera-scalata.png 1000w, https:\/\/www.lafrera.it\/wp-content\/uploads\/2024\/12\/Frera-scalata-300x225.png 300w, https:\/\/www.lafrera.it\/wp-content\/uploads\/2024\/12\/Frera-scalata-768x576.png 768w\" sizes=\"auto, (max-width: 1000px) 100vw, 1000px\" \/><\/a><figcaption class=\"wp-element-caption\">Fontanile Frera<\/figcaption><\/figure>\n\n\n\n<figure class=\"wp-block-gallery has-nested-images columns-default is-cropped wp-block-gallery-1 is-layout-flex wp-block-gallery-is-layout-flex\">\n<figure class=\"wp-block-image size-large is-style-twentytwentyone-border\"><a href=\"https:\/\/www.lafrera.it\/wp-content\/uploads\/2021\/08\/20151128_155017-scaled.jpg\"><img loading=\"lazy\" decoding=\"async\" width=\"1024\" height=\"576\" data-id=\"354\" src=\"https:\/\/www.lafrera.it\/wp-content\/uploads\/2021\/08\/20151128_155017-1024x576.jpg\" alt=\"\" class=\"wp-image-354\" srcset=\"https:\/\/www.lafrera.it\/wp-content\/uploads\/2021\/08\/20151128_155017-1024x576.jpg 1024w, https:\/\/www.lafrera.it\/wp-content\/uploads\/2021\/08\/20151128_155017-300x169.jpg 300w, https:\/\/www.lafrera.it\/wp-content\/uploads\/2021\/08\/20151128_155017-768x432.jpg 768w, https:\/\/www.lafrera.it\/wp-content\/uploads\/2021\/08\/20151128_155017-1536x864.jpg 1536w, https:\/\/www.lafrera.it\/wp-content\/uploads\/2021\/08\/20151128_155017-2048x1152.jpg 2048w, https:\/\/www.lafrera.it\/wp-content\/uploads\/2021\/08\/20151128_155017-1568x882.jpg 1568w\" sizes=\"auto, (max-width: 1024px) 100vw, 1024px\" \/><\/a><figcaption class=\"wp-element-caption\">Fontanile del Conzacolo<\/figcaption><\/figure>\n<\/figure>\n\n\n\n<p class=\"has-text-align-center has-normal-font-size\"><em>L&#8217;azienda Agricola &#8216;La Frera&#8217; nasce ufficialmente intorno al 2010, ma la passione per la terra egli animali veniva gi\u00e0 coltivata da tempo\u2026.Prende il suo nome da un vicino fontanile denominato &#8216;Frera&#8217;, che venne sfruttato nel passato come &#8216;Ferriera&#8217;, ovvero si utilizzava l&#8217;acqua sorgiva per poter lavorare il ferro. La passione per le api nasce da piccolo, con mio padre Andrea, che gi\u00e0 faceva apicoltura, anch&#8217;egli spinto da suo padre, mio nonno Mario, che impar\u00f2 l&#8217;arte dai frati di Basella<\/em>, <em>frazione di Urgnano. La nostra azienda agricola \u00e8 ispirata e sorretta da principi totalmente naturali, che valorizzano e preservano la biodiversit\u00e0 ed il paesaggio rurale. Si sfruttano princ\u00ecpi di agricoltura rigenerativa e biologica, escludendo OGM e prodotti di sintesi, in piena armonia con il territorio e l&#8217;ambiente.<\/em><\/p>\n\n\n\n<figure class=\"wp-block-image size-large is-style-twentytwentyone-border\"><a href=\"https:\/\/www.lafrera.it\/wp-content\/uploads\/2021\/01\/20191223_134834-1-scaled.jpg\"><img loading=\"lazy\" decoding=\"async\" width=\"768\" height=\"1024\" src=\"https:\/\/www.lafrera.it\/wp-content\/uploads\/2021\/01\/20191223_134834-1-768x1024.jpg\" alt=\"\" class=\"wp-image-217\" srcset=\"https:\/\/www.lafrera.it\/wp-content\/uploads\/2021\/01\/20191223_134834-1-768x1024.jpg 768w, https:\/\/www.lafrera.it\/wp-content\/uploads\/2021\/01\/20191223_134834-1-225x300.jpg 225w, https:\/\/www.lafrera.it\/wp-content\/uploads\/2021\/01\/20191223_134834-1-1152x1536.jpg 1152w, https:\/\/www.lafrera.it\/wp-content\/uploads\/2021\/01\/20191223_134834-1-1536x2048.jpg 1536w, https:\/\/www.lafrera.it\/wp-content\/uploads\/2021\/01\/20191223_134834-1-scaled.jpg 1920w\" sizes=\"auto, (max-width: 768px) 100vw, 768px\" \/><\/a><figcaption class=\"wp-element-caption\">La Frera<\/figcaption><\/figure>\n","protected":false},"excerpt":{"rendered":"<p>L&#8217;azienda Agricola &#8216;La Frera&#8217; nasce ufficialmente intorno al 2010, ma la passione per la terra egli animali veniva gi\u00e0 coltivata da tempo\u2026.Prende il suo nome da un vicino fontanile denominato &#8216;Frera&#8217;, che venne sfruttato nel passato come &#8216;Ferriera&#8217;, ovvero si utilizzava l&#8217;acqua sorgiva per poter lavorare il ferro. La passione per le api nasce da&hellip; <a class=\"more-link\" href=\"https:\/\/www.lafrera.it\/?page_id=99\">Continua a leggere <span class=\"screen-reader-text\">Chi siamo<\/span><\/a><\/p>\n","protected":false},"author":2,"featured_media":0,"parent":0,"menu_order":0,"comment_status":"closed","ping_status":"closed","template":"","meta":{"footnotes":""},"class_list":["post-99","page","type-page","status-publish","hentry","entry"],"_links":{"self":[{"href":"https:\/\/www.lafrera.it\/index.php?rest_route=\/wp\/v2\/pages\/99","targetHints":{"allow":["GET"]}}],"collection":[{"href":"https:\/\/www.lafrera.it\/index.php?rest_route=\/wp\/v2\/pages"}],"about":[{"href":"https:\/\/www.lafrera.it\/index.php?rest_route=\/wp\/v2\/types\/page"}],"author":[{"embeddable":true,"href":"https:\/\/www.lafrera.it\/index.php?rest_route=\/wp\/v2\/users\/2"}],"replies":[{"embeddable":true,"href":"https:\/\/www.lafrera.it\/index.php?rest_route=%2Fwp%2Fv2%2Fcomments&post=99"}],"version-history":[{"count":17,"href":"https:\/\/www.lafrera.it\/index.php?rest_route=\/wp\/v2\/pages\/99\/revisions"}],"predecessor-version":[{"id":520,"href":"https:\/\/www.lafrera.it\/index.php?rest_route=\/wp\/v2\/pages\/99\/revisions\/520"}],"wp:attachment":[{"href":"https:\/\/www.lafrera.it\/index.php?rest_route=%2Fwp%2Fv2%2Fmedia&parent=99"}],"curies":[{"name":"wp","href":"https:\/\/api.w.org\/{rel}","templated":true}]}}